{"id":10200,"date":"2018-11-15T13:59:54","date_gmt":"2022-10-19T18:25:50","guid":{"rendered":"https:\/\/bokashi.bladeinfo.it\/produit\/livre-em-in-de-praktijk"},"modified":"2022-10-19T20:25:50","modified_gmt":"2022-10-19T18:25:50","slug":"livre-em-in-de-praktijk-2","status":"publish","type":"product","link":"http:\/\/bokashi.bladeinfo.it\/en\/produit\/livre-em-in-de-praktijk-2\/","title":{"rendered":"Livre &#8211; EM In de praktijk"},"content":{"rendered":"","protected":false},"excerpt":{"rendered":"<p>&nbsp;<\/p>\n<p>Pour d\u00e9couvrir les diff\u00e9rentes applications possibles des EM dans notre quotidien. En n\u00e9erlandais. Par Franz-Peter Mau<\/p>\n","protected":false},"featured_media":7602,"comment_status":"closed","ping_status":"closed","template":"","meta":{"_et_pb_use_builder":"","_et_pb_old_content":"","_et_gb_content_width":""},"product_cat":[315],"product_tag":[313,288,312,296,290],"yoast_head":"<!-- This site is optimized with the Yoast SEO plugin v20.1 - https:\/\/yoast.com\/wordpress\/plugins\/seo\/ -->\n<title>Livre - EM In de praktijk - Bokashi Compost<\/title>\n<meta name=\"description\" content=\"Boek EM in de praktijk Franz-Peter Mau. EM in de praktijk met Effectieve Micro-organismen een fantastische plantengroei en goede gezondheid. Livre\" \/>\n<meta name=\"robots\" content=\"noindex, follow, max-snippet:-1, max-image-preview:large, max-video-preview:-1\" \/>\n<meta property=\"og:locale\" content=\"en_US\" \/>\n<meta property=\"og:type\" content=\"article\" \/>\n<meta property=\"og:title\" content=\"Livre - EM In de praktijk - Bokashi Compost\" \/>\n<meta property=\"og:description\" content=\"Boek EM in de praktijk Franz-Peter Mau. EM in de praktijk met Effectieve Micro-organismen een fantastische plantengroei en goede gezondheid. Livre\" \/>\n<meta property=\"og:url\" content=\"https:\/\/bokashi.bladeinfo.it\/en\/produit\/livre-em-in-de-praktijk-2\/\" \/>\n<meta property=\"og:site_name\" content=\"Bokashi Compost\" \/>\n<meta property=\"article:publisher\" content=\"https:\/\/www.facebook.com\/bokashicompostbe\/\" \/>\n<meta property=\"og:image\" content=\"https:\/\/bokashi.bladeinfo.it\/wp-content\/uploads\/2018\/11\/5.-Livre-\u2013-EM-In-de-praktijk.png\" \/>\n\t<meta property=\"og:image:width\" content=\"800\" \/>\n\t<meta property=\"og:image:height\" content=\"800\" \/>\n\t<meta property=\"og:image:type\" content=\"image\/png\" \/>\n<meta name=\"twitter:card\" content=\"summary_large_image\" \/>\n<script type=\"application\/ld+json\" class=\"yoast-schema-graph\">{\"@context\":\"https:\/\/schema.org\",\"@graph\":[{\"@type\":\"WebPage\",\"@id\":\"https:\/\/bokashi.bladeinfo.it\/en\/produit\/livre-em-in-de-praktijk-2\/\",\"url\":\"https:\/\/bokashi.bladeinfo.it\/en\/produit\/livre-em-in-de-praktijk-2\/\",\"name\":\"Livre - EM In de praktijk - Bokashi Compost\",\"isPartOf\":{\"@id\":\"http:\/\/bokashi.bladeinfo.it\/#website\"},\"datePublished\":\"2022-10-19T18:25:50+00:00\",\"dateModified\":\"2022-10-19T18:25:50+00:00\",\"description\":\"Boek EM in de praktijk Franz-Peter Mau. EM in de praktijk met Effectieve Micro-organismen een fantastische plantengroei en goede gezondheid. Livre\",\"breadcrumb\":{\"@id\":\"https:\/\/bokashi.bladeinfo.it\/en\/produit\/livre-em-in-de-praktijk-2\/#breadcrumb\"},\"inLanguage\":\"en-US\",\"potentialAction\":[{\"@type\":\"ReadAction\",\"target\":[\"https:\/\/bokashi.bladeinfo.it\/en\/produit\/livre-em-in-de-praktijk-2\/\"]}]},{\"@type\":\"BreadcrumbList\",\"@id\":\"https:\/\/bokashi.bladeinfo.it\/en\/produit\/livre-em-in-de-praktijk-2\/#breadcrumb\",\"itemListElement\":[{\"@type\":\"ListItem\",\"position\":1,\"name\":\"Home\",\"item\":\"http:\/\/bokashi.bladeinfo.it\/en\/\"},{\"@type\":\"ListItem\",\"position\":2,\"name\":\"Shop\",\"item\":\"http:\/\/bokashi.bladeinfo.it\/en\/shop-en\/\"},{\"@type\":\"ListItem\",\"position\":3,\"name\":\"Livre &#8211; EM In de praktijk\"}]},{\"@type\":\"WebSite\",\"@id\":\"http:\/\/bokashi.bladeinfo.it\/#website\",\"url\":\"http:\/\/bokashi.bladeinfo.it\/\",\"name\":\"Bokashi Compost\",\"description\":\"from food to soil to food\",\"publisher\":{\"@id\":\"http:\/\/bokashi.bladeinfo.it\/#organization\"},\"potentialAction\":[{\"@type\":\"SearchAction\",\"target\":{\"@type\":\"EntryPoint\",\"urlTemplate\":\"http:\/\/bokashi.bladeinfo.it\/?s={search_term_string}\"},\"query-input\":\"required name=search_term_string\"}],\"inLanguage\":\"en-US\"},{\"@type\":\"Organization\",\"@id\":\"http:\/\/bokashi.bladeinfo.it\/#organization\",\"name\":\"BokashiCompost\",\"url\":\"http:\/\/bokashi.bladeinfo.it\/\",\"logo\":{\"@type\":\"ImageObject\",\"inLanguage\":\"en-US\",\"@id\":\"http:\/\/bokashi.bladeinfo.it\/#\/schema\/logo\/image\/\",\"url\":\"https:\/\/i0.wp.com\/bokashicompost.be\/wp-content\/uploads\/2019\/04\/image.jpg?fit=960%2C960&ssl=1\",\"contentUrl\":\"https:\/\/i0.wp.com\/bokashicompost.be\/wp-content\/uploads\/2019\/04\/image.jpg?fit=960%2C960&ssl=1\",\"width\":960,\"height\":960,\"caption\":\"BokashiCompost\"},\"image\":{\"@id\":\"http:\/\/bokashi.bladeinfo.it\/#\/schema\/logo\/image\/\"},\"sameAs\":[\"https:\/\/www.facebook.com\/bokashicompostbe\/\",\"https:\/\/www.instagram.com\/bokashicompost\/\",\"https:\/\/www.linkedin.com\/company\/13994117\",\"https:\/\/www.youtube.com\/channel\/UC-X67YxW1qNoFtkvU2yO43A\"]}]}<\/script>\n<!-- \/ Yoast SEO plugin. -->","yoast_head_json":{"title":"Livre - EM In de praktijk - Bokashi Compost","description":"Boek EM in de praktijk Franz-Peter Mau. EM in de praktijk met Effectieve Micro-organismen een fantastische plantengroei en goede gezondheid. Livre","robots":{"index":"noindex","follow":"follow","max-snippet":"max-snippet:-1","max-image-preview":"max-image-preview:large","max-video-preview":"max-video-preview:-1"},"og_locale":"en_US","og_type":"article","og_title":"Livre - EM In de praktijk - Bokashi Compost","og_description":"Boek EM in de praktijk Franz-Peter Mau. EM in de praktijk met Effectieve Micro-organismen een fantastische plantengroei en goede gezondheid. Livre","og_url":"https:\/\/bokashi.bladeinfo.it\/en\/produit\/livre-em-in-de-praktijk-2\/","og_site_name":"Bokashi Compost","article_publisher":"https:\/\/www.facebook.com\/bokashicompostbe\/","og_image":[{"width":800,"height":800,"url":"https:\/\/bokashi.bladeinfo.it\/wp-content\/uploads\/2018\/11\/5.-Livre-\u2013-EM-In-de-praktijk.png","type":"image\/png"}],"twitter_card":"summary_large_image","schema":{"@context":"https:\/\/schema.org","@graph":[{"@type":"WebPage","@id":"https:\/\/bokashi.bladeinfo.it\/en\/produit\/livre-em-in-de-praktijk-2\/","url":"https:\/\/bokashi.bladeinfo.it\/en\/produit\/livre-em-in-de-praktijk-2\/","name":"Livre - EM In de praktijk - Bokashi Compost","isPartOf":{"@id":"http:\/\/bokashi.bladeinfo.it\/#website"},"datePublished":"2022-10-19T18:25:50+00:00","dateModified":"2022-10-19T18:25:50+00:00","description":"Boek EM in de praktijk Franz-Peter Mau. EM in de praktijk met Effectieve Micro-organismen een fantastische plantengroei en goede gezondheid. Livre","breadcrumb":{"@id":"https:\/\/bokashi.bladeinfo.it\/en\/produit\/livre-em-in-de-praktijk-2\/#breadcrumb"},"inLanguage":"en-US","potentialAction":[{"@type":"ReadAction","target":["https:\/\/bokashi.bladeinfo.it\/en\/produit\/livre-em-in-de-praktijk-2\/"]}]},{"@type":"BreadcrumbList","@id":"https:\/\/bokashi.bladeinfo.it\/en\/produit\/livre-em-in-de-praktijk-2\/#breadcrumb","itemListElement":[{"@type":"ListItem","position":1,"name":"Home","item":"http:\/\/bokashi.bladeinfo.it\/en\/"},{"@type":"ListItem","position":2,"name":"Shop","item":"http:\/\/bokashi.bladeinfo.it\/en\/shop-en\/"},{"@type":"ListItem","position":3,"name":"Livre &#8211; EM In de praktijk"}]},{"@type":"WebSite","@id":"http:\/\/bokashi.bladeinfo.it\/#website","url":"http:\/\/bokashi.bladeinfo.it\/","name":"Bokashi Compost","description":"from food to soil to food","publisher":{"@id":"http:\/\/bokashi.bladeinfo.it\/#organization"},"potentialAction":[{"@type":"SearchAction","target":{"@type":"EntryPoint","urlTemplate":"http:\/\/bokashi.bladeinfo.it\/?s={search_term_string}"},"query-input":"required name=search_term_string"}],"inLanguage":"en-US"},{"@type":"Organization","@id":"http:\/\/bokashi.bladeinfo.it\/#organization","name":"BokashiCompost","url":"http:\/\/bokashi.bladeinfo.it\/","logo":{"@type":"ImageObject","inLanguage":"en-US","@id":"http:\/\/bokashi.bladeinfo.it\/#\/schema\/logo\/image\/","url":"https:\/\/i0.wp.com\/bokashicompost.be\/wp-content\/uploads\/2019\/04\/image.jpg?fit=960%2C960&ssl=1","contentUrl":"https:\/\/i0.wp.com\/bokashicompost.be\/wp-content\/uploads\/2019\/04\/image.jpg?fit=960%2C960&ssl=1","width":960,"height":960,"caption":"BokashiCompost"},"image":{"@id":"http:\/\/bokashi.bladeinfo.it\/#\/schema\/logo\/image\/"},"sameAs":["https:\/\/www.facebook.com\/bokashicompostbe\/","https:\/\/www.instagram.com\/bokashicompost\/","https:\/\/www.linkedin.com\/company\/13994117","https:\/\/www.youtube.com\/channel\/UC-X67YxW1qNoFtkvU2yO43A"]}]}},"_links":{"self":[{"href":"http:\/\/bokashi.bladeinfo.it\/en\/wp-json\/wp\/v2\/product\/10200"}],"collection":[{"href":"http:\/\/bokashi.bladeinfo.it\/en\/wp-json\/wp\/v2\/product"}],"about":[{"href":"http:\/\/bokashi.bladeinfo.it\/en\/wp-json\/wp\/v2\/types\/product"}],"replies":[{"embeddable":true,"href":"http:\/\/bokashi.bladeinfo.it\/en\/wp-json\/wp\/v2\/comments?post=10200"}],"wp:featuredmedia":[{"embeddable":true,"href":"http:\/\/bokashi.bladeinfo.it\/en\/wp-json\/wp\/v2\/media\/7602"}],"wp:attachment":[{"href":"http:\/\/bokashi.bladeinfo.it\/en\/wp-json\/wp\/v2\/media?parent=10200"}],"wp:term":[{"taxonomy":"product_cat","embeddable":true,"href":"http:\/\/bokashi.bladeinfo.it\/en\/wp-json\/wp\/v2\/product_cat?post=10200"},{"taxonomy":"product_tag","embeddable":true,"href":"http:\/\/bokashi.bladeinfo.it\/en\/wp-json\/wp\/v2\/product_tag?post=10200"}],"curies":[{"name":"wp","href":"https:\/\/api.w.org\/{rel}","templated":true}]}}