{"id":9481,"date":"2021-06-22T13:43:51","date_gmt":"2022-10-19T15:17:04","guid":{"rendered":"https:\/\/bokashi.bladeinfo.it\/produit\/bokashi-design-ocean-fishnets-composter"},"modified":"2022-10-20T11:40:58","modified_gmt":"2022-10-20T09:40:58","slug":"bokashi-design-ocean-fishnets-composter","status":"publish","type":"product","link":"http:\/\/bokashi.bladeinfo.it\/en\/produit\/bokashi-design-ocean-fishnets-composter\/","title":{"rendered":"Bokashi Design Ocean fishnets composter"},"content":{"rendered":"<p>[et_pb_section fb_built=&#8221;1&#8243; _builder_version=&#8221;3.22&#8243; custom_padding=&#8221;0px||||false|false&#8221;][et_pb_row _builder_version=&#8221;3.25&#8243; background_size=&#8221;initial&#8221; background_position=&#8221;top_left&#8221; background_repeat=&#8221;repeat&#8221; width=&#8221;100%&#8221; custom_padding=&#8221;0px||0px||false|false&#8221;][et_pb_column type=&#8221;4_4&#8243; _builder_version=&#8221;3.25&#8243; custom_padding=&#8221;|||&#8221; custom_padding__hover=&#8221;|||&#8221;][et_pb_wc_breadcrumb _builder_version=&#8221;3.0.47&#8243;][\/et_pb_wc_breadcrumb][et_pb_wc_cart_notice _builder_version=&#8221;3.0.47&#8243;][\/et_pb_wc_cart_notice][\/et_pb_column][\/et_pb_row][et_pb_row column_structure=&#8221;1_2,1_2&#8243; _builder_version=&#8221;3.25&#8243; background_size=&#8221;initial&#8221; background_position=&#8221;top_left&#8221; background_repeat=&#8221;repeat&#8221; width=&#8221;100%&#8221; custom_padding=&#8221;0px||||false|false&#8221;][et_pb_column type=&#8221;1_2&#8243; _builder_version=&#8221;3.25&#8243; custom_padding=&#8221;|||&#8221; custom_padding__hover=&#8221;|||&#8221;][et_pb_wc_images _builder_version=&#8221;3.0.47&#8243;][\/et_pb_wc_images][\/et_pb_column][et_pb_column type=&#8221;1_2&#8243; _builder_version=&#8221;3.25&#8243; custom_padding=&#8221;|||&#8221; custom_padding__hover=&#8221;|||&#8221;][et_pb_wc_title _builder_version=&#8221;3.0.47&#8243;][\/et_pb_wc_title][et_pb_wc_rating _builder_version=&#8221;3.0.47&#8243;][\/et_pb_wc_rating][et_pb_wc_price _builder_version=&#8221;3.0.47&#8243;][\/et_pb_wc_price][et_pb_wc_description _builder_version=&#8221;3.0.47&#8243;][\/et_pb_wc_description][et_pb_wc_add_to_cart _builder_version=&#8221;3.0.47&#8243;][\/et_pb_wc_add_to_cart][et_pb_wc_meta _builder_version=&#8221;3.0.47&#8243;][\/et_pb_wc_meta][\/et_pb_column][\/et_pb_row][et_pb_row _builder_version=&#8221;3.25&#8243; background_size=&#8221;initial&#8221; background_position=&#8221;top_left&#8221; background_repeat=&#8221;repeat&#8221; width=&#8221;100%&#8221;][et_pb_column type=&#8221;4_4&#8243; _builder_version=&#8221;3.25&#8243; custom_padding=&#8221;|||&#8221; custom_padding__hover=&#8221;|||&#8221;][et_pb_wc_tabs include_tabs=&#8221;|additional_information&#8221; _builder_version=&#8221;4.4.3&#8243;] [\/et_pb_wc_tabs][et_pb_wc_upsells _builder_version=&#8221;3.0.47&#8243;][\/et_pb_wc_upsells][\/et_pb_column][\/et_pb_row][\/et_pb_section]<\/p>\n","protected":false},"excerpt":{"rendered":"<p>Produced from abandoned fishing nets recovered during beach clean-ups, this black bokashi composter is produced in Europe. Each bokashi Ocean composter contains at least 600g of netting, collected by hand and recycled. Taking action for the environment and the oceans also means reducing the amount of plastic that is dumped into them each year&#8230;by buying this product, you are supporting the recycling industry and helping to raise awareness.<\/p>\n<p>A bokashi bucket with a capacity of 9.6 litres in a sleek black design.<\/p>\n<p>The outer shell houses an inner tank whose perforated bottom functions as a sieve. The press lid makes it possible to fill and close tightly in a single movement. Includes measuring spoon, lid and carrying strap.<\/p>\n<p>Comes with a 1kg bag of Starter &#8211; the essential bokashi activator.<\/p>\n<p>This format is suitable for one to two people, or a small household that only cooks occasionally. Its innovative &#8216;press lid&#8217; allows the food to be compacted very efficiently and therefore allows a very dense filling.<\/p>\n<p>Usually bought in pairs so that the buckets can be rotated: when the first full bucket is fermenting&#8230;the second is filled. En g\u00e9n\u00e9ral, lorsque le second est plein, le premier est pr\u00eat \u00e0 \u00eatre m\u00e9lang\u00e9 \u00e0 la terre (<span style=\"color: #333333\"><a style=\"color: #333333\" href=\"https:\/\/bokashicompost.be\/demarrer-fr\" target=\"_blank\" rel=\"noopener noreferrer\">\u00e9tape 3 &#8211; voir la page de d\u00e9marrage<\/a><\/span>).<\/p>\n<p>The &#8220;Organko 2&#8221; model has won the Red Dot Design Award 2019 for innovative and design products.<\/p>\n","protected":false},"featured_media":8504,"comment_status":"closed","ping_status":"closed","template":"","meta":{"_et_pb_use_builder":"on","_et_pb_old_content":"","_et_gb_content_width":""},"product_cat":[285,286],"product_tag":[288,290,289],"yoast_head":"<!-- This site is optimized with the Yoast SEO plugin v20.1 - https:\/\/yoast.com\/wordpress\/plugins\/seo\/ -->\n<title>Bokashi Design Ocean fishnets composter - Bokashi Compost<\/title>\n<meta name=\"description\" content=\"Bokashi composting bucket Ocean black design made from recycled fishing nets, delivered with 1 Kg of Starter. Capacity of 9,6L. Recycled Fishnets\" \/>\n<meta name=\"robots\" content=\"noindex, follow, max-snippet:-1, max-image-preview:large, max-video-preview:-1\" \/>\n<meta property=\"og:locale\" content=\"en_US\" \/>\n<meta property=\"og:type\" content=\"article\" \/>\n<meta property=\"og:title\" content=\"Bokashi Design Ocean fishnets composter - Bokashi Compost\" \/>\n<meta property=\"og:description\" content=\"Bokashi composting bucket Ocean black design made from recycled fishing nets, delivered with 1 Kg of Starter. Capacity of 9,6L. Recycled Fishnets\" \/>\n<meta property=\"og:url\" content=\"http:\/\/bokashi.bladeinfo.it\/en\/produit\/bokashi-design-ocean-fishnets-composter\/\" \/>\n<meta property=\"og:site_name\" content=\"Bokashi Compost\" \/>\n<meta property=\"article:publisher\" content=\"https:\/\/www.facebook.com\/bokashicompostbe\/\" \/>\n<meta property=\"article:modified_time\" content=\"2022-10-20T09:40:58+00:00\" \/>\n<meta property=\"og:image\" content=\"http:\/\/bokashi.bladeinfo.it\/wp-content\/uploads\/2021\/06\/Bokashi_ocean_black_noir_recycled_fishnets_filets_de_peche_recycles-scaled.jpg\" \/>\n\t<meta property=\"og:image:width\" content=\"2560\" \/>\n\t<meta property=\"og:image:height\" content=\"2560\" \/>\n\t<meta property=\"og:image:type\" content=\"image\/jpeg\" \/>\n<meta name=\"twitter:card\" content=\"summary_large_image\" \/>\n<meta name=\"twitter:label1\" content=\"Est. reading time\" \/>\n\t<meta name=\"twitter:data1\" content=\"1 minute\" \/>\n<script type=\"application\/ld+json\" class=\"yoast-schema-graph\">{\"@context\":\"https:\/\/schema.org\",\"@graph\":[{\"@type\":\"WebPage\",\"@id\":\"http:\/\/bokashi.bladeinfo.it\/en\/produit\/bokashi-design-ocean-fishnets-composter\/\",\"url\":\"http:\/\/bokashi.bladeinfo.it\/en\/produit\/bokashi-design-ocean-fishnets-composter\/\",\"name\":\"Bokashi Design Ocean fishnets composter - Bokashi Compost\",\"isPartOf\":{\"@id\":\"http:\/\/bokashi.bladeinfo.it\/#website\"},\"datePublished\":\"2022-10-19T15:17:04+00:00\",\"dateModified\":\"2022-10-20T09:40:58+00:00\",\"description\":\"Bokashi composting bucket Ocean black design made from recycled fishing nets, delivered with 1 Kg of Starter. Capacity of 9,6L. Recycled Fishnets\",\"breadcrumb\":{\"@id\":\"http:\/\/bokashi.bladeinfo.it\/en\/produit\/bokashi-design-ocean-fishnets-composter\/#breadcrumb\"},\"inLanguage\":\"en-US\",\"potentialAction\":[{\"@type\":\"ReadAction\",\"target\":[\"http:\/\/bokashi.bladeinfo.it\/en\/produit\/bokashi-design-ocean-fishnets-composter\/\"]}]},{\"@type\":\"BreadcrumbList\",\"@id\":\"http:\/\/bokashi.bladeinfo.it\/en\/produit\/bokashi-design-ocean-fishnets-composter\/#breadcrumb\",\"itemListElement\":[{\"@type\":\"ListItem\",\"position\":1,\"name\":\"Home\",\"item\":\"http:\/\/bokashi.bladeinfo.it\/en\/\"},{\"@type\":\"ListItem\",\"position\":2,\"name\":\"Shop\",\"item\":\"http:\/\/bokashi.bladeinfo.it\/en\/shop-en\/\"},{\"@type\":\"ListItem\",\"position\":3,\"name\":\"Bokashi Design Ocean fishnets composter\"}]},{\"@type\":\"WebSite\",\"@id\":\"http:\/\/bokashi.bladeinfo.it\/#website\",\"url\":\"http:\/\/bokashi.bladeinfo.it\/\",\"name\":\"Bokashi Compost\",\"description\":\"from food to soil to food\",\"publisher\":{\"@id\":\"http:\/\/bokashi.bladeinfo.it\/#organization\"},\"potentialAction\":[{\"@type\":\"SearchAction\",\"target\":{\"@type\":\"EntryPoint\",\"urlTemplate\":\"http:\/\/bokashi.bladeinfo.it\/?s={search_term_string}\"},\"query-input\":\"required name=search_term_string\"}],\"inLanguage\":\"en-US\"},{\"@type\":\"Organization\",\"@id\":\"http:\/\/bokashi.bladeinfo.it\/#organization\",\"name\":\"BokashiCompost\",\"url\":\"http:\/\/bokashi.bladeinfo.it\/\",\"logo\":{\"@type\":\"ImageObject\",\"inLanguage\":\"en-US\",\"@id\":\"http:\/\/bokashi.bladeinfo.it\/#\/schema\/logo\/image\/\",\"url\":\"https:\/\/i0.wp.com\/bokashicompost.be\/wp-content\/uploads\/2019\/04\/image.jpg?fit=960%2C960&ssl=1\",\"contentUrl\":\"https:\/\/i0.wp.com\/bokashicompost.be\/wp-content\/uploads\/2019\/04\/image.jpg?fit=960%2C960&ssl=1\",\"width\":960,\"height\":960,\"caption\":\"BokashiCompost\"},\"image\":{\"@id\":\"http:\/\/bokashi.bladeinfo.it\/#\/schema\/logo\/image\/\"},\"sameAs\":[\"https:\/\/www.facebook.com\/bokashicompostbe\/\",\"https:\/\/www.instagram.com\/bokashicompost\/\",\"https:\/\/www.linkedin.com\/company\/13994117\",\"https:\/\/www.youtube.com\/channel\/UC-X67YxW1qNoFtkvU2yO43A\"]}]}<\/script>\n<!-- \/ Yoast SEO plugin. -->","yoast_head_json":{"title":"Bokashi Design Ocean fishnets composter - Bokashi Compost","description":"Bokashi composting bucket Ocean black design made from recycled fishing nets, delivered with 1 Kg of Starter. Capacity of 9,6L. Recycled Fishnets","robots":{"index":"noindex","follow":"follow","max-snippet":"max-snippet:-1","max-image-preview":"max-image-preview:large","max-video-preview":"max-video-preview:-1"},"og_locale":"en_US","og_type":"article","og_title":"Bokashi Design Ocean fishnets composter - Bokashi Compost","og_description":"Bokashi composting bucket Ocean black design made from recycled fishing nets, delivered with 1 Kg of Starter. Capacity of 9,6L. Recycled Fishnets","og_url":"http:\/\/bokashi.bladeinfo.it\/en\/produit\/bokashi-design-ocean-fishnets-composter\/","og_site_name":"Bokashi Compost","article_publisher":"https:\/\/www.facebook.com\/bokashicompostbe\/","article_modified_time":"2022-10-20T09:40:58+00:00","og_image":[{"width":2560,"height":2560,"url":"http:\/\/bokashi.bladeinfo.it\/wp-content\/uploads\/2021\/06\/Bokashi_ocean_black_noir_recycled_fishnets_filets_de_peche_recycles-scaled.jpg","type":"image\/jpeg"}],"twitter_card":"summary_large_image","twitter_misc":{"Est. reading time":"1 minute"},"schema":{"@context":"https:\/\/schema.org","@graph":[{"@type":"WebPage","@id":"http:\/\/bokashi.bladeinfo.it\/en\/produit\/bokashi-design-ocean-fishnets-composter\/","url":"http:\/\/bokashi.bladeinfo.it\/en\/produit\/bokashi-design-ocean-fishnets-composter\/","name":"Bokashi Design Ocean fishnets composter - Bokashi Compost","isPartOf":{"@id":"http:\/\/bokashi.bladeinfo.it\/#website"},"datePublished":"2022-10-19T15:17:04+00:00","dateModified":"2022-10-20T09:40:58+00:00","description":"Bokashi composting bucket Ocean black design made from recycled fishing nets, delivered with 1 Kg of Starter. Capacity of 9,6L. Recycled Fishnets","breadcrumb":{"@id":"http:\/\/bokashi.bladeinfo.it\/en\/produit\/bokashi-design-ocean-fishnets-composter\/#breadcrumb"},"inLanguage":"en-US","potentialAction":[{"@type":"ReadAction","target":["http:\/\/bokashi.bladeinfo.it\/en\/produit\/bokashi-design-ocean-fishnets-composter\/"]}]},{"@type":"BreadcrumbList","@id":"http:\/\/bokashi.bladeinfo.it\/en\/produit\/bokashi-design-ocean-fishnets-composter\/#breadcrumb","itemListElement":[{"@type":"ListItem","position":1,"name":"Home","item":"http:\/\/bokashi.bladeinfo.it\/en\/"},{"@type":"ListItem","position":2,"name":"Shop","item":"http:\/\/bokashi.bladeinfo.it\/en\/shop-en\/"},{"@type":"ListItem","position":3,"name":"Bokashi Design Ocean fishnets composter"}]},{"@type":"WebSite","@id":"http:\/\/bokashi.bladeinfo.it\/#website","url":"http:\/\/bokashi.bladeinfo.it\/","name":"Bokashi Compost","description":"from food to soil to food","publisher":{"@id":"http:\/\/bokashi.bladeinfo.it\/#organization"},"potentialAction":[{"@type":"SearchAction","target":{"@type":"EntryPoint","urlTemplate":"http:\/\/bokashi.bladeinfo.it\/?s={search_term_string}"},"query-input":"required name=search_term_string"}],"inLanguage":"en-US"},{"@type":"Organization","@id":"http:\/\/bokashi.bladeinfo.it\/#organization","name":"BokashiCompost","url":"http:\/\/bokashi.bladeinfo.it\/","logo":{"@type":"ImageObject","inLanguage":"en-US","@id":"http:\/\/bokashi.bladeinfo.it\/#\/schema\/logo\/image\/","url":"https:\/\/i0.wp.com\/bokashicompost.be\/wp-content\/uploads\/2019\/04\/image.jpg?fit=960%2C960&ssl=1","contentUrl":"https:\/\/i0.wp.com\/bokashicompost.be\/wp-content\/uploads\/2019\/04\/image.jpg?fit=960%2C960&ssl=1","width":960,"height":960,"caption":"BokashiCompost"},"image":{"@id":"http:\/\/bokashi.bladeinfo.it\/#\/schema\/logo\/image\/"},"sameAs":["https:\/\/www.facebook.com\/bokashicompostbe\/","https:\/\/www.instagram.com\/bokashicompost\/","https:\/\/www.linkedin.com\/company\/13994117","https:\/\/www.youtube.com\/channel\/UC-X67YxW1qNoFtkvU2yO43A"]}]}},"_links":{"self":[{"href":"http:\/\/bokashi.bladeinfo.it\/en\/wp-json\/wp\/v2\/product\/9481"}],"collection":[{"href":"http:\/\/bokashi.bladeinfo.it\/en\/wp-json\/wp\/v2\/product"}],"about":[{"href":"http:\/\/bokashi.bladeinfo.it\/en\/wp-json\/wp\/v2\/types\/product"}],"replies":[{"embeddable":true,"href":"http:\/\/bokashi.bladeinfo.it\/en\/wp-json\/wp\/v2\/comments?post=9481"}],"wp:featuredmedia":[{"embeddable":true,"href":"http:\/\/bokashi.bladeinfo.it\/en\/wp-json\/wp\/v2\/media\/8504"}],"wp:attachment":[{"href":"http:\/\/bokashi.bladeinfo.it\/en\/wp-json\/wp\/v2\/media?parent=9481"}],"wp:term":[{"taxonomy":"product_cat","embeddable":true,"href":"http:\/\/bokashi.bladeinfo.it\/en\/wp-json\/wp\/v2\/product_cat?post=9481"},{"taxonomy":"product_tag","embeddable":true,"href":"http:\/\/bokashi.bladeinfo.it\/en\/wp-json\/wp\/v2\/product_tag?post=9481"}],"curies":[{"name":"wp","href":"https:\/\/api.w.org\/{rel}","templated":true}]}}