{"id":9533,"date":"2020-08-31T13:42:54","date_gmt":"2022-10-19T16:19:50","guid":{"rendered":"https:\/\/bokashi.bladeinfo.it\/produit\/starterkit-2-bokashis-design-2kg-of-starter"},"modified":"2022-10-19T18:19:53","modified_gmt":"2022-10-19T16:19:53","slug":"starterkit-2-bokashis-design-2kg-of-starter","status":"publish","type":"product","link":"http:\/\/bokashi.bladeinfo.it\/en\/produit\/starterkit-2-bokashis-design-2kg-of-starter\/","title":{"rendered":"&#8216;StarterKit&#8217; 2 Bokashis Design &amp; 2kg of Starter"},"content":{"rendered":"<p>[et_pb_section fb_built=&#8221;1&#8243; _builder_version=&#8221;3.22&#8243; custom_padding=&#8221;0px||||false|false&#8221; global_colors_info=&#8221;{}&#8221;][et_pb_row _builder_version=&#8221;3.25&#8243; background_size=&#8221;initial&#8221; background_position=&#8221;top_left&#8221; background_repeat=&#8221;repeat&#8221; width=&#8221;100%&#8221; custom_padding=&#8221;0px||0px||false|false&#8221; global_colors_info=&#8221;{}&#8221;][et_pb_column type=&#8221;4_4&#8243; _builder_version=&#8221;3.25&#8243; custom_padding=&#8221;|||&#8221; global_colors_info=&#8221;{}&#8221; custom_padding__hover=&#8221;|||&#8221;][et_pb_wc_breadcrumb _builder_version=&#8221;3.0.47&#8243; global_colors_info=&#8221;{}&#8221;][\/et_pb_wc_breadcrumb][et_pb_wc_cart_notice _builder_version=&#8221;3.0.47&#8243; global_colors_info=&#8221;{}&#8221;][\/et_pb_wc_cart_notice][\/et_pb_column][\/et_pb_row][et_pb_row column_structure=&#8221;1_2,1_2&#8243; _builder_version=&#8221;3.25&#8243; background_size=&#8221;initial&#8221; background_position=&#8221;top_left&#8221; background_repeat=&#8221;repeat&#8221; width=&#8221;100%&#8221; custom_padding=&#8221;0px||||false|false&#8221; global_colors_info=&#8221;{}&#8221;][et_pb_column type=&#8221;1_2&#8243; _builder_version=&#8221;3.25&#8243; custom_padding=&#8221;|||&#8221; global_colors_info=&#8221;{}&#8221; custom_padding__hover=&#8221;|||&#8221;][et_pb_wc_images _builder_version=&#8221;3.0.47&#8243; global_colors_info=&#8221;{}&#8221;][\/et_pb_wc_images][\/et_pb_column][et_pb_column type=&#8221;1_2&#8243; _builder_version=&#8221;3.25&#8243; custom_padding=&#8221;|||&#8221; global_colors_info=&#8221;{}&#8221; custom_padding__hover=&#8221;|||&#8221;][et_pb_wc_title _builder_version=&#8221;3.0.47&#8243; global_colors_info=&#8221;{}&#8221;][\/et_pb_wc_title][et_pb_wc_rating _builder_version=&#8221;3.0.47&#8243; global_colors_info=&#8221;{}&#8221;][\/et_pb_wc_rating][et_pb_wc_price _builder_version=&#8221;3.0.47&#8243; global_colors_info=&#8221;{}&#8221;][\/et_pb_wc_price][et_pb_wc_description _builder_version=&#8221;3.0.47&#8243; global_colors_info=&#8221;{}&#8221;][\/et_pb_wc_description][et_pb_wc_add_to_cart _builder_version=&#8221;3.0.47&#8243; global_colors_info=&#8221;{}&#8221;][\/et_pb_wc_add_to_cart][et_pb_wc_meta _builder_version=&#8221;3.0.47&#8243; global_colors_info=&#8221;{}&#8221;][\/et_pb_wc_meta][\/et_pb_column][\/et_pb_row][et_pb_row _builder_version=&#8221;3.25&#8243; background_size=&#8221;initial&#8221; background_position=&#8221;top_left&#8221; background_repeat=&#8221;repeat&#8221; width=&#8221;100%&#8221; global_colors_info=&#8221;{}&#8221;][et_pb_column type=&#8221;4_4&#8243; _builder_version=&#8221;3.25&#8243; custom_padding=&#8221;|||&#8221; global_colors_info=&#8221;{}&#8221; custom_padding__hover=&#8221;|||&#8221;][et_pb_wc_tabs include_tabs=&#8221;|additional_information&#8221; _builder_version=&#8221;4.4.3&#8243; global_colors_info=&#8221;{}&#8221;] [\/et_pb_wc_tabs][et_pb_wc_upsells _builder_version=&#8221;3.0.47&#8243; global_colors_info=&#8221;{}&#8221;][\/et_pb_wc_upsells][\/et_pb_column][\/et_pb_row][\/et_pb_section]<\/p>\n","protected":false},"excerpt":{"rendered":"<p>&nbsp;<\/p>\n<p>Set of 2 Design bokashi composters, each with a capacity of 9.6 litres and 2 kg of Starter (bokashi activator): the complete Starter Kit to get you started with bokashi composting&#8230;in style.<\/p>\n<p>The off-white shell houses a black inner shell with an integrated sieve. The press lid makes it possible to fill and close tightly in a single movement. Includes: measuring spoon, lid and carrying strap.<\/p>\n<p>Delivered with 2kg of Starter.<\/p>\n<p>This format is suitable for one to two people, or a small household that only cooks occasionally. Its innovative &#8216;press lid&#8217; allows the food to be compacted very efficiently and therefore allows a very dense filling.<\/p>\n<p>The pair of composters is essential in order to rotate the buckets: when the first full bucket is fermenting&#8230;you start filling the second. En g\u00e9n\u00e9ral, lorsque le second est plein, le premier est pr\u00eat \u00e0 \u00eatre m\u00e9lang\u00e9 \u00e0 la terre (<span style=\"color: #333333;\"><a style=\"color: #333333;\" href=\"https:\/\/bokashicompost.be\/demarrer-fr\" target=\"_blank\" rel=\"noopener noreferrer\">\u00e9tape 3 &#8211; voir la page de d\u00e9marrage<\/a><\/span>).<\/p>\n<p>A complete guide, including a compostable food scraps sheet, developed exclusively by bokashicompost.be is included in the package: you will find all the information you need for a trouble-free composting experience.<\/p>\n<p>Organko2 wins the Red Dot Design Award 2019<\/p>\n<p>MADE IN EUROPE<\/p>\n<p>All bokashi composters on sale at bokashicompost.be are produced in Europe and the black (or grey for the classic model) parts are made from recycled plastic.<\/p>\n<p>You only want one? you can find it in SINGLE version here: <a href=\"https:\/\/bokashicompost.be\/produit\/seau-bokashi-design-organko-2\">Bokashi Organko 2 individual<\/a><\/p>\n","protected":false},"featured_media":8384,"comment_status":"closed","ping_status":"closed","template":"","meta":{"_et_pb_use_builder":"on","_et_pb_old_content":"","_et_gb_content_width":""},"product_cat":[285,286],"product_tag":[288,290,289],"yoast_head":"<!-- This site is optimized with the Yoast SEO plugin v20.1 - https:\/\/yoast.com\/wordpress\/plugins\/seo\/ -->\n<title>&#039;StarterKit&#039; 2 Bokashis Design &amp; 2kg of Starter - Bokashi Compost<\/title>\n<meta name=\"description\" content=\"Set of bokashi composters Design Organko 2, the ideal material for bokashi food composting, delivered with 2 Kg of Starter. Buckets 2x 9,6L.\" \/>\n<meta name=\"robots\" content=\"noindex, follow, max-snippet:-1, max-image-preview:large, max-video-preview:-1\" \/>\n<meta property=\"og:locale\" content=\"en_US\" \/>\n<meta property=\"og:type\" content=\"article\" \/>\n<meta property=\"og:title\" content=\"&#039;StarterKit&#039; 2 Bokashis Design &amp; 2kg of Starter - Bokashi Compost\" \/>\n<meta property=\"og:description\" content=\"Set of bokashi composters Design Organko 2, the ideal material for bokashi food composting, delivered with 2 Kg of Starter. Buckets 2x 9,6L.\" \/>\n<meta property=\"og:url\" content=\"http:\/\/bokashi.bladeinfo.it\/en\/produit\/starterkit-2-bokashis-design-2kg-of-starter\/\" \/>\n<meta property=\"og:site_name\" content=\"Bokashi Compost\" \/>\n<meta property=\"article:publisher\" content=\"https:\/\/www.facebook.com\/bokashicompostbe\/\" \/>\n<meta property=\"article:modified_time\" content=\"2022-10-19T16:19:53+00:00\" \/>\n<meta property=\"og:image\" content=\"http:\/\/bokashi.bladeinfo.it\/wp-content\/uploads\/2020\/08\/Bokashi_organko_2_set_starter_kit_cuisine.jpg\" \/>\n\t<meta property=\"og:image:width\" content=\"1000\" \/>\n\t<meta property=\"og:image:height\" content=\"1000\" \/>\n\t<meta property=\"og:image:type\" content=\"image\/jpeg\" \/>\n<meta name=\"twitter:card\" content=\"summary_large_image\" \/>\n<meta name=\"twitter:label1\" content=\"Est. reading time\" \/>\n\t<meta name=\"twitter:data1\" content=\"2 minutes\" \/>\n<script type=\"application\/ld+json\" class=\"yoast-schema-graph\">{\"@context\":\"https:\/\/schema.org\",\"@graph\":[{\"@type\":\"WebPage\",\"@id\":\"http:\/\/bokashi.bladeinfo.it\/en\/produit\/starterkit-2-bokashis-design-2kg-of-starter\/\",\"url\":\"http:\/\/bokashi.bladeinfo.it\/en\/produit\/starterkit-2-bokashis-design-2kg-of-starter\/\",\"name\":\"'StarterKit' 2 Bokashis Design &amp; 2kg of Starter - Bokashi Compost\",\"isPartOf\":{\"@id\":\"http:\/\/bokashi.bladeinfo.it\/#website\"},\"datePublished\":\"2022-10-19T16:19:50+00:00\",\"dateModified\":\"2022-10-19T16:19:53+00:00\",\"description\":\"Set of bokashi composters Design Organko 2, the ideal material for bokashi food composting, delivered with 2 Kg of Starter. Buckets 2x 9,6L.\",\"breadcrumb\":{\"@id\":\"http:\/\/bokashi.bladeinfo.it\/en\/produit\/starterkit-2-bokashis-design-2kg-of-starter\/#breadcrumb\"},\"inLanguage\":\"en-US\",\"potentialAction\":[{\"@type\":\"ReadAction\",\"target\":[\"http:\/\/bokashi.bladeinfo.it\/en\/produit\/starterkit-2-bokashis-design-2kg-of-starter\/\"]}]},{\"@type\":\"BreadcrumbList\",\"@id\":\"http:\/\/bokashi.bladeinfo.it\/en\/produit\/starterkit-2-bokashis-design-2kg-of-starter\/#breadcrumb\",\"itemListElement\":[{\"@type\":\"ListItem\",\"position\":1,\"name\":\"Home\",\"item\":\"http:\/\/bokashi.bladeinfo.it\/en\/\"},{\"@type\":\"ListItem\",\"position\":2,\"name\":\"Shop\",\"item\":\"http:\/\/bokashi.bladeinfo.it\/en\/shop-en\/\"},{\"@type\":\"ListItem\",\"position\":3,\"name\":\"&#8216;StarterKit&#8217; 2 Bokashis Design &amp; 2kg of Starter\"}]},{\"@type\":\"WebSite\",\"@id\":\"http:\/\/bokashi.bladeinfo.it\/#website\",\"url\":\"http:\/\/bokashi.bladeinfo.it\/\",\"name\":\"Bokashi Compost\",\"description\":\"from food to soil to food\",\"publisher\":{\"@id\":\"http:\/\/bokashi.bladeinfo.it\/#organization\"},\"potentialAction\":[{\"@type\":\"SearchAction\",\"target\":{\"@type\":\"EntryPoint\",\"urlTemplate\":\"http:\/\/bokashi.bladeinfo.it\/?s={search_term_string}\"},\"query-input\":\"required name=search_term_string\"}],\"inLanguage\":\"en-US\"},{\"@type\":\"Organization\",\"@id\":\"http:\/\/bokashi.bladeinfo.it\/#organization\",\"name\":\"BokashiCompost\",\"url\":\"http:\/\/bokashi.bladeinfo.it\/\",\"logo\":{\"@type\":\"ImageObject\",\"inLanguage\":\"en-US\",\"@id\":\"http:\/\/bokashi.bladeinfo.it\/#\/schema\/logo\/image\/\",\"url\":\"https:\/\/i0.wp.com\/bokashicompost.be\/wp-content\/uploads\/2019\/04\/image.jpg?fit=960%2C960&ssl=1\",\"contentUrl\":\"https:\/\/i0.wp.com\/bokashicompost.be\/wp-content\/uploads\/2019\/04\/image.jpg?fit=960%2C960&ssl=1\",\"width\":960,\"height\":960,\"caption\":\"BokashiCompost\"},\"image\":{\"@id\":\"http:\/\/bokashi.bladeinfo.it\/#\/schema\/logo\/image\/\"},\"sameAs\":[\"https:\/\/www.facebook.com\/bokashicompostbe\/\",\"https:\/\/www.instagram.com\/bokashicompost\/\",\"https:\/\/www.linkedin.com\/company\/13994117\",\"https:\/\/www.youtube.com\/channel\/UC-X67YxW1qNoFtkvU2yO43A\"]}]}<\/script>\n<!-- \/ Yoast SEO plugin. -->","yoast_head_json":{"title":"'StarterKit' 2 Bokashis Design &amp; 2kg of Starter - Bokashi Compost","description":"Set of bokashi composters Design Organko 2, the ideal material for bokashi food composting, delivered with 2 Kg of Starter. Buckets 2x 9,6L.","robots":{"index":"noindex","follow":"follow","max-snippet":"max-snippet:-1","max-image-preview":"max-image-preview:large","max-video-preview":"max-video-preview:-1"},"og_locale":"en_US","og_type":"article","og_title":"'StarterKit' 2 Bokashis Design &amp; 2kg of Starter - Bokashi Compost","og_description":"Set of bokashi composters Design Organko 2, the ideal material for bokashi food composting, delivered with 2 Kg of Starter. Buckets 2x 9,6L.","og_url":"http:\/\/bokashi.bladeinfo.it\/en\/produit\/starterkit-2-bokashis-design-2kg-of-starter\/","og_site_name":"Bokashi Compost","article_publisher":"https:\/\/www.facebook.com\/bokashicompostbe\/","article_modified_time":"2022-10-19T16:19:53+00:00","og_image":[{"width":1000,"height":1000,"url":"http:\/\/bokashi.bladeinfo.it\/wp-content\/uploads\/2020\/08\/Bokashi_organko_2_set_starter_kit_cuisine.jpg","type":"image\/jpeg"}],"twitter_card":"summary_large_image","twitter_misc":{"Est. reading time":"2 minutes"},"schema":{"@context":"https:\/\/schema.org","@graph":[{"@type":"WebPage","@id":"http:\/\/bokashi.bladeinfo.it\/en\/produit\/starterkit-2-bokashis-design-2kg-of-starter\/","url":"http:\/\/bokashi.bladeinfo.it\/en\/produit\/starterkit-2-bokashis-design-2kg-of-starter\/","name":"'StarterKit' 2 Bokashis Design &amp; 2kg of Starter - Bokashi Compost","isPartOf":{"@id":"http:\/\/bokashi.bladeinfo.it\/#website"},"datePublished":"2022-10-19T16:19:50+00:00","dateModified":"2022-10-19T16:19:53+00:00","description":"Set of bokashi composters Design Organko 2, the ideal material for bokashi food composting, delivered with 2 Kg of Starter. Buckets 2x 9,6L.","breadcrumb":{"@id":"http:\/\/bokashi.bladeinfo.it\/en\/produit\/starterkit-2-bokashis-design-2kg-of-starter\/#breadcrumb"},"inLanguage":"en-US","potentialAction":[{"@type":"ReadAction","target":["http:\/\/bokashi.bladeinfo.it\/en\/produit\/starterkit-2-bokashis-design-2kg-of-starter\/"]}]},{"@type":"BreadcrumbList","@id":"http:\/\/bokashi.bladeinfo.it\/en\/produit\/starterkit-2-bokashis-design-2kg-of-starter\/#breadcrumb","itemListElement":[{"@type":"ListItem","position":1,"name":"Home","item":"http:\/\/bokashi.bladeinfo.it\/en\/"},{"@type":"ListItem","position":2,"name":"Shop","item":"http:\/\/bokashi.bladeinfo.it\/en\/shop-en\/"},{"@type":"ListItem","position":3,"name":"&#8216;StarterKit&#8217; 2 Bokashis Design &amp; 2kg of Starter"}]},{"@type":"WebSite","@id":"http:\/\/bokashi.bladeinfo.it\/#website","url":"http:\/\/bokashi.bladeinfo.it\/","name":"Bokashi Compost","description":"from food to soil to food","publisher":{"@id":"http:\/\/bokashi.bladeinfo.it\/#organization"},"potentialAction":[{"@type":"SearchAction","target":{"@type":"EntryPoint","urlTemplate":"http:\/\/bokashi.bladeinfo.it\/?s={search_term_string}"},"query-input":"required name=search_term_string"}],"inLanguage":"en-US"},{"@type":"Organization","@id":"http:\/\/bokashi.bladeinfo.it\/#organization","name":"BokashiCompost","url":"http:\/\/bokashi.bladeinfo.it\/","logo":{"@type":"ImageObject","inLanguage":"en-US","@id":"http:\/\/bokashi.bladeinfo.it\/#\/schema\/logo\/image\/","url":"https:\/\/i0.wp.com\/bokashicompost.be\/wp-content\/uploads\/2019\/04\/image.jpg?fit=960%2C960&ssl=1","contentUrl":"https:\/\/i0.wp.com\/bokashicompost.be\/wp-content\/uploads\/2019\/04\/image.jpg?fit=960%2C960&ssl=1","width":960,"height":960,"caption":"BokashiCompost"},"image":{"@id":"http:\/\/bokashi.bladeinfo.it\/#\/schema\/logo\/image\/"},"sameAs":["https:\/\/www.facebook.com\/bokashicompostbe\/","https:\/\/www.instagram.com\/bokashicompost\/","https:\/\/www.linkedin.com\/company\/13994117","https:\/\/www.youtube.com\/channel\/UC-X67YxW1qNoFtkvU2yO43A"]}]}},"_links":{"self":[{"href":"http:\/\/bokashi.bladeinfo.it\/en\/wp-json\/wp\/v2\/product\/9533"}],"collection":[{"href":"http:\/\/bokashi.bladeinfo.it\/en\/wp-json\/wp\/v2\/product"}],"about":[{"href":"http:\/\/bokashi.bladeinfo.it\/en\/wp-json\/wp\/v2\/types\/product"}],"replies":[{"embeddable":true,"href":"http:\/\/bokashi.bladeinfo.it\/en\/wp-json\/wp\/v2\/comments?post=9533"}],"wp:featuredmedia":[{"embeddable":true,"href":"http:\/\/bokashi.bladeinfo.it\/en\/wp-json\/wp\/v2\/media\/8384"}],"wp:attachment":[{"href":"http:\/\/bokashi.bladeinfo.it\/en\/wp-json\/wp\/v2\/media?parent=9533"}],"wp:term":[{"taxonomy":"product_cat","embeddable":true,"href":"http:\/\/bokashi.bladeinfo.it\/en\/wp-json\/wp\/v2\/product_cat?post=9533"},{"taxonomy":"product_tag","embeddable":true,"href":"http:\/\/bokashi.bladeinfo.it\/en\/wp-json\/wp\/v2\/product_tag?post=9533"}],"curies":[{"name":"wp","href":"https:\/\/api.w.org\/{rel}","templated":true}]}}