{"id":10379,"date":"2022-10-20T12:36:40","date_gmt":"2022-10-20T10:41:53","guid":{"rendered":"https:\/\/bokashi.bladeinfo.it\/produit\/secchio-per-il-compost-da-cucina-giornaliero-secchio-per-il-compost-da-3l"},"modified":"2023-01-18T17:27:16","modified_gmt":"2023-01-18T16:27:16","slug":"secchio-daily-per-il-compost-da-cucina-giornaliero-secchio-per-il-compost-da-3l","status":"publish","type":"product","link":"http:\/\/bokashi.bladeinfo.it\/it\/produit\/secchio-daily-per-il-compost-da-cucina-giornaliero-secchio-per-il-compost-da-3l\/","title":{"rendered":"Daily &#8211; Secchio giornaliero da cucina per il compost  (3L)"},"content":{"rendered":"<p>[et_pb_section fb_built=&#8221;1&#8243; _builder_version=&#8221;4.16&#8243; custom_padding=&#8221;0px||||false|false&#8221; global_colors_info=&#8221;{}&#8221;][et_pb_row _builder_version=&#8221;4.16&#8243; background_size=&#8221;initial&#8221; background_position=&#8221;top_left&#8221; background_repeat=&#8221;repeat&#8221; width=&#8221;100%&#8221; custom_padding=&#8221;0px||0px||false|false&#8221; global_colors_info=&#8221;{}&#8221;][et_pb_column type=&#8221;4_4&#8243; _builder_version=&#8221;4.16&#8243; custom_padding=&#8221;|||&#8221; global_colors_info=&#8221;{}&#8221; custom_padding__hover=&#8221;|||&#8221;][et_pb_wc_breadcrumb _builder_version=&#8221;4.16&#8243; global_colors_info=&#8221;{}&#8221;][\/et_pb_wc_breadcrumb][et_pb_wc_cart_notice _builder_version=&#8221;4.16&#8243; global_colors_info=&#8221;{}&#8221;][\/et_pb_wc_cart_notice][\/et_pb_column][\/et_pb_row][et_pb_row column_structure=&#8221;1_2,1_2&#8243; _builder_version=&#8221;4.16&#8243; background_size=&#8221;initial&#8221; background_position=&#8221;top_left&#8221; background_repeat=&#8221;repeat&#8221; width=&#8221;100%&#8221; custom_padding=&#8221;0px||||false|false&#8221; global_colors_info=&#8221;{}&#8221;][et_pb_column type=&#8221;1_2&#8243; _builder_version=&#8221;4.16&#8243; custom_padding=&#8221;|||&#8221; global_colors_info=&#8221;{}&#8221; custom_padding__hover=&#8221;|||&#8221;][et_pb_wc_images _builder_version=&#8221;4.16&#8243; global_colors_info=&#8221;{}&#8221;][\/et_pb_wc_images][\/et_pb_column][et_pb_column type=&#8221;1_2&#8243; _builder_version=&#8221;4.16&#8243; custom_padding=&#8221;|||&#8221; global_colors_info=&#8221;{}&#8221; custom_padding__hover=&#8221;|||&#8221;][et_pb_wc_title _builder_version=&#8221;4.16&#8243; global_colors_info=&#8221;{}&#8221;][\/et_pb_wc_title][et_pb_wc_rating _builder_version=&#8221;4.16&#8243; global_colors_info=&#8221;{}&#8221;][\/et_pb_wc_rating][et_pb_wc_price _builder_version=&#8221;4.16&#8243; global_colors_info=&#8221;{}&#8221;][\/et_pb_wc_price][et_pb_wc_description _builder_version=&#8221;4.16&#8243; global_colors_info=&#8221;{}&#8221;][\/et_pb_wc_description][et_pb_wc_add_to_cart _builder_version=&#8221;4.16&#8243; global_colors_info=&#8221;{}&#8221;][\/et_pb_wc_add_to_cart][et_pb_wc_meta _builder_version=&#8221;4.16&#8243; global_colors_info=&#8221;{}&#8221;][\/et_pb_wc_meta][\/et_pb_column][\/et_pb_row][et_pb_row _builder_version=&#8221;4.16&#8243; background_size=&#8221;initial&#8221; background_position=&#8221;top_left&#8221; background_repeat=&#8221;repeat&#8221; width=&#8221;100%&#8221; global_colors_info=&#8221;{}&#8221;][et_pb_column type=&#8221;4_4&#8243; _builder_version=&#8221;4.16&#8243; custom_padding=&#8221;|||&#8221; global_colors_info=&#8221;{}&#8221; custom_padding__hover=&#8221;|||&#8221;][et_pb_wc_tabs include_tabs=&#8221;|additional_information&#8221; _builder_version=&#8221;4.16&#8243; global_colors_info=&#8221;{}&#8221;] [\/et_pb_wc_tabs][et_pb_wc_upsells _builder_version=&#8221;4.16&#8243; global_colors_info=&#8221;{}&#8221;][\/et_pb_wc_upsells][\/et_pb_column][\/et_pb_row][\/et_pb_section]<\/p>\n","protected":false},"excerpt":{"rendered":"<p>Questo piccolo secchio per il compost, con una capacit\u00e0 di 3 litri, \u00e8 perfetto per raccogliere le bucce e gli scarti alimentari prima di svuotarli nel bokashi\/compost.<\/p>\n<p>\u00c8 molto ergonomico, pu\u00f2 essere usato con una sola mano e pu\u00f2 essere tenuto in posizione aperta con il coperchio verticale durante la preparazione dei pasti, senza occupare troppo spazio sul piano di lavoro. Si pu\u00f2 anche aprire facilmente con il pollice per aggiungere piccoli scarti, come il torsolo di una mela o la buccia di una banana.<\/p>\n<p>Il coperchio puo essere rimosso e pu\u00f2 essere messo in lavastoviglie (coperchio + secchio) per una perfetta igiene. L&#8217;interno liscio e arrotondato riduce al minimo la cattura di residui e ne facilita la pulizia.<\/p>\n<p>Questo secchiello occupa pochissimo spazio sul tavolo o sul bancone della cucina. Dimensioni: 24 cm (larghezza) x 20,5 cm (profondit\u00e0) x 17 cm (altezza).<\/p>\n<p>\u00c8 realizzato al 100% con plastica riciclata post-consumo, ovvero la plastica domestica che separiamo ogni giorno, ed \u00e8 prodotto in Europa da un&#8217;azienda a conduzione familiare.<\/p>\n<p>\u00c8 il complemento perfetto per uno <span style=\"color: #008000;\"><a style=\"color: #008000;\" href=\"https:\/\/bokashicompost.be\/produit\/starterkit-bokashi-cappuccino-organko-activateur\">Starter Kit Bokashi<\/a><\/span> o per il compost da giardino.<\/p>\n","protected":false},"featured_media":10053,"comment_status":"open","ping_status":"closed","template":"","meta":{"_et_pb_use_builder":"on","_et_pb_old_content":"","_et_gb_content_width":""},"product_cat":[263,268],"product_tag":[266,270,269],"yoast_head":"<!-- This site is optimized with the Yoast SEO plugin v20.1 - https:\/\/yoast.com\/wordpress\/plugins\/seo\/ -->\n<title>Daily - Secchio giornaliero da cucina per il compost (3L) - Bokashi Compost<\/title>\n<meta name=\"description\" content=\"Secchiello da cucina Daily da azionare con una sola mano per raccogliere le bucce e gli avanzi prima di svuotarli nel bokashi compost. 3 litri OK per lavastoviglie, 100% plastica riciclata. Organko Daily Skaza\" \/>\n<meta name=\"robots\" content=\"noindex, follow, max-snippet:-1, max-image-preview:large, max-video-preview:-1\" \/>\n<meta property=\"og:locale\" content=\"it_IT\" \/>\n<meta property=\"og:type\" content=\"article\" \/>\n<meta property=\"og:title\" content=\"Daily - Secchio giornaliero da cucina per il compost (3L) - Bokashi Compost\" \/>\n<meta property=\"og:description\" content=\"Secchiello da cucina Daily da azionare con una sola mano per raccogliere le bucce e gli avanzi prima di svuotarli nel bokashi compost. 3 litri OK per lavastoviglie, 100% plastica riciclata. Organko Daily Skaza\" \/>\n<meta property=\"og:url\" content=\"http:\/\/bokashi.bladeinfo.it\/it\/produit\/secchio-daily-per-il-compost-da-cucina-giornaliero-secchio-per-il-compost-da-3l\/\" \/>\n<meta property=\"og:site_name\" content=\"Bokashi Compost\" \/>\n<meta property=\"article:publisher\" content=\"https:\/\/www.facebook.com\/bokashicompostbe\/\" \/>\n<meta property=\"article:modified_time\" content=\"2023-01-18T16:27:16+00:00\" \/>\n<meta property=\"og:image\" content=\"http:\/\/bokashi.bladeinfo.it\/wp-content\/uploads\/2022\/10\/Organko-Daily-product-photo-web-3-1986000.jpg\" \/>\n\t<meta property=\"og:image:width\" content=\"1000\" \/>\n\t<meta property=\"og:image:height\" content=\"1000\" \/>\n\t<meta property=\"og:image:type\" content=\"image\/jpeg\" \/>\n<meta name=\"twitter:card\" content=\"summary_large_image\" \/>\n<meta name=\"twitter:label1\" content=\"Tempo di lettura stimato\" \/>\n\t<meta name=\"twitter:data1\" content=\"1 minuto\" \/>\n<script type=\"application\/ld+json\" class=\"yoast-schema-graph\">{\"@context\":\"https:\/\/schema.org\",\"@graph\":[{\"@type\":\"WebPage\",\"@id\":\"http:\/\/bokashi.bladeinfo.it\/it\/produit\/secchio-daily-per-il-compost-da-cucina-giornaliero-secchio-per-il-compost-da-3l\/\",\"url\":\"http:\/\/bokashi.bladeinfo.it\/it\/produit\/secchio-daily-per-il-compost-da-cucina-giornaliero-secchio-per-il-compost-da-3l\/\",\"name\":\"Daily - Secchio giornaliero da cucina per il compost (3L) - Bokashi Compost\",\"isPartOf\":{\"@id\":\"http:\/\/bokashi.bladeinfo.it\/#website\"},\"datePublished\":\"2022-10-20T10:41:53+00:00\",\"dateModified\":\"2023-01-18T16:27:16+00:00\",\"description\":\"Secchiello da cucina Daily da azionare con una sola mano per raccogliere le bucce e gli avanzi prima di svuotarli nel bokashi compost. 3 litri OK per lavastoviglie, 100% plastica riciclata. Organko Daily Skaza\",\"breadcrumb\":{\"@id\":\"http:\/\/bokashi.bladeinfo.it\/it\/produit\/secchio-daily-per-il-compost-da-cucina-giornaliero-secchio-per-il-compost-da-3l\/#breadcrumb\"},\"inLanguage\":\"it-IT\",\"potentialAction\":[{\"@type\":\"ReadAction\",\"target\":[\"http:\/\/bokashi.bladeinfo.it\/it\/produit\/secchio-daily-per-il-compost-da-cucina-giornaliero-secchio-per-il-compost-da-3l\/\"]}]},{\"@type\":\"BreadcrumbList\",\"@id\":\"http:\/\/bokashi.bladeinfo.it\/it\/produit\/secchio-daily-per-il-compost-da-cucina-giornaliero-secchio-per-il-compost-da-3l\/#breadcrumb\",\"itemListElement\":[{\"@type\":\"ListItem\",\"position\":1,\"name\":\"Home\",\"item\":\"http:\/\/bokashi.bladeinfo.it\/it\/\"},{\"@type\":\"ListItem\",\"position\":2,\"name\":\"Negozio\",\"item\":\"https:\/\/bokashi.bladeinfo.it\/it\/negozio\/\"},{\"@type\":\"ListItem\",\"position\":3,\"name\":\"Daily &#8211; Secchio giornaliero da cucina per il compost (3L)\"}]},{\"@type\":\"WebSite\",\"@id\":\"http:\/\/bokashi.bladeinfo.it\/#website\",\"url\":\"http:\/\/bokashi.bladeinfo.it\/\",\"name\":\"Bokashi Compost\",\"description\":\"from food to soil to food\",\"publisher\":{\"@id\":\"http:\/\/bokashi.bladeinfo.it\/#organization\"},\"potentialAction\":[{\"@type\":\"SearchAction\",\"target\":{\"@type\":\"EntryPoint\",\"urlTemplate\":\"http:\/\/bokashi.bladeinfo.it\/?s={search_term_string}\"},\"query-input\":\"required name=search_term_string\"}],\"inLanguage\":\"it-IT\"},{\"@type\":\"Organization\",\"@id\":\"http:\/\/bokashi.bladeinfo.it\/#organization\",\"name\":\"BokashiCompost\",\"url\":\"http:\/\/bokashi.bladeinfo.it\/\",\"logo\":{\"@type\":\"ImageObject\",\"inLanguage\":\"it-IT\",\"@id\":\"http:\/\/bokashi.bladeinfo.it\/#\/schema\/logo\/image\/\",\"url\":\"https:\/\/i0.wp.com\/bokashicompost.be\/wp-content\/uploads\/2019\/04\/image.jpg?fit=960%2C960&ssl=1\",\"contentUrl\":\"https:\/\/i0.wp.com\/bokashicompost.be\/wp-content\/uploads\/2019\/04\/image.jpg?fit=960%2C960&ssl=1\",\"width\":960,\"height\":960,\"caption\":\"BokashiCompost\"},\"image\":{\"@id\":\"http:\/\/bokashi.bladeinfo.it\/#\/schema\/logo\/image\/\"},\"sameAs\":[\"https:\/\/www.facebook.com\/bokashicompostbe\/\",\"https:\/\/www.instagram.com\/bokashicompost\/\",\"https:\/\/www.linkedin.com\/company\/13994117\",\"https:\/\/www.youtube.com\/channel\/UC-X67YxW1qNoFtkvU2yO43A\"]}]}<\/script>\n<!-- \/ Yoast SEO plugin. -->","yoast_head_json":{"title":"Daily - Secchio giornaliero da cucina per il compost (3L) - Bokashi Compost","description":"Secchiello da cucina Daily da azionare con una sola mano per raccogliere le bucce e gli avanzi prima di svuotarli nel bokashi compost. 3 litri OK per lavastoviglie, 100% plastica riciclata. Organko Daily Skaza","robots":{"index":"noindex","follow":"follow","max-snippet":"max-snippet:-1","max-image-preview":"max-image-preview:large","max-video-preview":"max-video-preview:-1"},"og_locale":"it_IT","og_type":"article","og_title":"Daily - Secchio giornaliero da cucina per il compost (3L) - Bokashi Compost","og_description":"Secchiello da cucina Daily da azionare con una sola mano per raccogliere le bucce e gli avanzi prima di svuotarli nel bokashi compost. 3 litri OK per lavastoviglie, 100% plastica riciclata. Organko Daily Skaza","og_url":"http:\/\/bokashi.bladeinfo.it\/it\/produit\/secchio-daily-per-il-compost-da-cucina-giornaliero-secchio-per-il-compost-da-3l\/","og_site_name":"Bokashi Compost","article_publisher":"https:\/\/www.facebook.com\/bokashicompostbe\/","article_modified_time":"2023-01-18T16:27:16+00:00","og_image":[{"width":1000,"height":1000,"url":"http:\/\/bokashi.bladeinfo.it\/wp-content\/uploads\/2022\/10\/Organko-Daily-product-photo-web-3-1986000.jpg","type":"image\/jpeg"}],"twitter_card":"summary_large_image","twitter_misc":{"Tempo di lettura stimato":"1 minuto"},"schema":{"@context":"https:\/\/schema.org","@graph":[{"@type":"WebPage","@id":"http:\/\/bokashi.bladeinfo.it\/it\/produit\/secchio-daily-per-il-compost-da-cucina-giornaliero-secchio-per-il-compost-da-3l\/","url":"http:\/\/bokashi.bladeinfo.it\/it\/produit\/secchio-daily-per-il-compost-da-cucina-giornaliero-secchio-per-il-compost-da-3l\/","name":"Daily - Secchio giornaliero da cucina per il compost (3L) - Bokashi Compost","isPartOf":{"@id":"http:\/\/bokashi.bladeinfo.it\/#website"},"datePublished":"2022-10-20T10:41:53+00:00","dateModified":"2023-01-18T16:27:16+00:00","description":"Secchiello da cucina Daily da azionare con una sola mano per raccogliere le bucce e gli avanzi prima di svuotarli nel bokashi compost. 3 litri OK per lavastoviglie, 100% plastica riciclata. Organko Daily Skaza","breadcrumb":{"@id":"http:\/\/bokashi.bladeinfo.it\/it\/produit\/secchio-daily-per-il-compost-da-cucina-giornaliero-secchio-per-il-compost-da-3l\/#breadcrumb"},"inLanguage":"it-IT","potentialAction":[{"@type":"ReadAction","target":["http:\/\/bokashi.bladeinfo.it\/it\/produit\/secchio-daily-per-il-compost-da-cucina-giornaliero-secchio-per-il-compost-da-3l\/"]}]},{"@type":"BreadcrumbList","@id":"http:\/\/bokashi.bladeinfo.it\/it\/produit\/secchio-daily-per-il-compost-da-cucina-giornaliero-secchio-per-il-compost-da-3l\/#breadcrumb","itemListElement":[{"@type":"ListItem","position":1,"name":"Home","item":"http:\/\/bokashi.bladeinfo.it\/it\/"},{"@type":"ListItem","position":2,"name":"Negozio","item":"https:\/\/bokashi.bladeinfo.it\/it\/negozio\/"},{"@type":"ListItem","position":3,"name":"Daily &#8211; Secchio giornaliero da cucina per il compost (3L)"}]},{"@type":"WebSite","@id":"http:\/\/bokashi.bladeinfo.it\/#website","url":"http:\/\/bokashi.bladeinfo.it\/","name":"Bokashi Compost","description":"from food to soil to food","publisher":{"@id":"http:\/\/bokashi.bladeinfo.it\/#organization"},"potentialAction":[{"@type":"SearchAction","target":{"@type":"EntryPoint","urlTemplate":"http:\/\/bokashi.bladeinfo.it\/?s={search_term_string}"},"query-input":"required name=search_term_string"}],"inLanguage":"it-IT"},{"@type":"Organization","@id":"http:\/\/bokashi.bladeinfo.it\/#organization","name":"BokashiCompost","url":"http:\/\/bokashi.bladeinfo.it\/","logo":{"@type":"ImageObject","inLanguage":"it-IT","@id":"http:\/\/bokashi.bladeinfo.it\/#\/schema\/logo\/image\/","url":"https:\/\/i0.wp.com\/bokashicompost.be\/wp-content\/uploads\/2019\/04\/image.jpg?fit=960%2C960&ssl=1","contentUrl":"https:\/\/i0.wp.com\/bokashicompost.be\/wp-content\/uploads\/2019\/04\/image.jpg?fit=960%2C960&ssl=1","width":960,"height":960,"caption":"BokashiCompost"},"image":{"@id":"http:\/\/bokashi.bladeinfo.it\/#\/schema\/logo\/image\/"},"sameAs":["https:\/\/www.facebook.com\/bokashicompostbe\/","https:\/\/www.instagram.com\/bokashicompost\/","https:\/\/www.linkedin.com\/company\/13994117","https:\/\/www.youtube.com\/channel\/UC-X67YxW1qNoFtkvU2yO43A"]}]}},"_links":{"self":[{"href":"http:\/\/bokashi.bladeinfo.it\/it\/wp-json\/wp\/v2\/product\/10379"}],"collection":[{"href":"http:\/\/bokashi.bladeinfo.it\/it\/wp-json\/wp\/v2\/product"}],"about":[{"href":"http:\/\/bokashi.bladeinfo.it\/it\/wp-json\/wp\/v2\/types\/product"}],"replies":[{"embeddable":true,"href":"http:\/\/bokashi.bladeinfo.it\/it\/wp-json\/wp\/v2\/comments?post=10379"}],"wp:featuredmedia":[{"embeddable":true,"href":"http:\/\/bokashi.bladeinfo.it\/it\/wp-json\/wp\/v2\/media\/10053"}],"wp:attachment":[{"href":"http:\/\/bokashi.bladeinfo.it\/it\/wp-json\/wp\/v2\/media?parent=10379"}],"wp:term":[{"taxonomy":"product_cat","embeddable":true,"href":"http:\/\/bokashi.bladeinfo.it\/it\/wp-json\/wp\/v2\/product_cat?post=10379"},{"taxonomy":"product_tag","embeddable":true,"href":"http:\/\/bokashi.bladeinfo.it\/it\/wp-json\/wp\/v2\/product_tag?post=10379"}],"curies":[{"name":"wp","href":"https:\/\/api.w.org\/{rel}","templated":true}]}}