{"id":9310,"date":"2019-12-08T15:43:05","date_gmt":"2022-03-15T16:36:21","guid":{"rendered":"https:\/\/bokashi.bladeinfo.it\/produit\/20-perle-in-ceramica-per-lacqua"},"modified":"2022-12-19T15:08:45","modified_gmt":"2022-12-19T14:08:45","slug":"20-perle-in-ceramica-per-lacqua","status":"publish","type":"product","link":"http:\/\/bokashi.bladeinfo.it\/it\/produit\/20-perle-in-ceramica-per-lacqua\/","title":{"rendered":"20 perle in ceramica per l&#8217;acqua"},"content":{"rendered":"<p>[et_pb_section fb_built=&#8221;1&#8243; _builder_version=&#8221;4.0.7&#8243; global_colors_info=&#8221;{}&#8221;][et_pb_row _builder_version=&#8221;4.0.7&#8243; global_colors_info=&#8221;{}&#8221;][et_pb_column type=&#8221;4_4&#8243; _builder_version=&#8221;4.0.7&#8243; global_colors_info=&#8221;{}&#8221;][et_pb_text _builder_version=&#8221;4.0.7&#8243; global_colors_info=&#8221;{}&#8221;]<\/p>\n<p>Sacchetto in tulle (colori variabili) contenente 20 perle in ceramica originali EM\u00ae.<\/p>\n<p>[\/et_pb_text][\/et_pb_column][\/et_pb_row][\/et_pb_section]<\/p>\n","protected":false},"excerpt":{"rendered":"<p>Queste perle in ceramica EM (piccoli tubicini) migliorano il gusto e la qualit\u00e0 dell&#8217;acqua del rubinetto diminuendo i residui di calcare.<br \/>\nMettetene una ventina nel distributore dell&#8217;acqua, nella borraccia, in una brocca e lasciate agire per 30 minuti prima di bere.<\/p>\n<p>Potete anche metterne una decina nell&#8217;acqua di lavaggio della verdura, nei vasi dei fiori, nelle ciotole degli animali, nel bollitore (20), negli acquari (5-25).<\/p>\n<p>Possono anche essere utilizzati in combinazione con Wipe&amp;Clean nella lavatrice (40-50 tubicini in un sacchetto in tessuto all&#8217;interno della lavatrice) o nella lavastoviglie (20 tubicini nel contenitore delle posate): la quantit\u00e0 di detergente pu\u00f2 cos\u00ec essere ridotta ottenendo una pulizia naturale.<\/p>\n<p>Le perle in ceramica sono eterne quindi zerosprechi: sciaquatele regolarmente sotto l&#8217;acqua corrente strofinandole bene.<\/p>\n","protected":false},"featured_media":8107,"comment_status":"closed","ping_status":"closed","template":"","meta":{"_et_pb_use_builder":"on","_et_pb_old_content":"","_et_gb_content_width":""},"product_cat":[273,263,268],"product_tag":[275,274,266,269],"yoast_head":"<!-- This site is optimized with the Yoast SEO plugin v20.1 - https:\/\/yoast.com\/wordpress\/plugins\/seo\/ -->\n<title>20 perle in ceramica per l&#039;acqua - Bokashi Compost<\/title>\n<meta name=\"description\" content=\"Sacchetto da 20 perle in ceramica da utilizzare nell&#039;acqua di rubinetto per migliorarne il gusto e livello di depositi di calcare. Perle in EM\u00ae Originali. Brocca\" \/>\n<meta name=\"robots\" content=\"noindex, follow, max-snippet:-1, max-image-preview:large, max-video-preview:-1\" \/>\n<meta property=\"og:locale\" content=\"it_IT\" \/>\n<meta property=\"og:type\" content=\"article\" \/>\n<meta property=\"og:title\" content=\"20 perle in ceramica per l&#039;acqua - Bokashi Compost\" \/>\n<meta property=\"og:description\" content=\"Sacchetto da 20 perle in ceramica da utilizzare nell&#039;acqua di rubinetto per migliorarne il gusto e livello di depositi di calcare. Perle in EM\u00ae Originali. Brocca\" \/>\n<meta property=\"og:url\" content=\"http:\/\/bokashi.bladeinfo.it\/it\/produit\/20-perle-in-ceramica-per-lacqua\/\" \/>\n<meta property=\"og:site_name\" content=\"Bokashi Compost\" \/>\n<meta property=\"article:publisher\" content=\"https:\/\/www.facebook.com\/bokashicompostbe\/\" \/>\n<meta property=\"article:modified_time\" content=\"2022-12-19T14:08:45+00:00\" \/>\n<meta property=\"og:image\" content=\"http:\/\/bokashi.bladeinfo.it\/wp-content\/uploads\/2019\/12\/EM_bokashi_perles_tubes_ceramique_pour_eau.jpg\" \/>\n\t<meta property=\"og:image:width\" content=\"1512\" \/>\n\t<meta property=\"og:image:height\" content=\"1512\" \/>\n\t<meta property=\"og:image:type\" content=\"image\/jpeg\" \/>\n<meta name=\"twitter:card\" content=\"summary_large_image\" \/>\n<script type=\"application\/ld+json\" class=\"yoast-schema-graph\">{\"@context\":\"https:\/\/schema.org\",\"@graph\":[{\"@type\":\"WebPage\",\"@id\":\"http:\/\/bokashi.bladeinfo.it\/it\/produit\/20-perle-in-ceramica-per-lacqua\/\",\"url\":\"http:\/\/bokashi.bladeinfo.it\/it\/produit\/20-perle-in-ceramica-per-lacqua\/\",\"name\":\"20 perle in ceramica per l'acqua - Bokashi Compost\",\"isPartOf\":{\"@id\":\"http:\/\/bokashi.bladeinfo.it\/#website\"},\"datePublished\":\"2022-03-15T16:36:21+00:00\",\"dateModified\":\"2022-12-19T14:08:45+00:00\",\"description\":\"Sacchetto da 20 perle in ceramica da utilizzare nell'acqua di rubinetto per migliorarne il gusto e livello di depositi di calcare. Perle in EM\u00ae Originali. Brocca\",\"breadcrumb\":{\"@id\":\"http:\/\/bokashi.bladeinfo.it\/it\/produit\/20-perle-in-ceramica-per-lacqua\/#breadcrumb\"},\"inLanguage\":\"it-IT\",\"potentialAction\":[{\"@type\":\"ReadAction\",\"target\":[\"http:\/\/bokashi.bladeinfo.it\/it\/produit\/20-perle-in-ceramica-per-lacqua\/\"]}]},{\"@type\":\"BreadcrumbList\",\"@id\":\"http:\/\/bokashi.bladeinfo.it\/it\/produit\/20-perle-in-ceramica-per-lacqua\/#breadcrumb\",\"itemListElement\":[{\"@type\":\"ListItem\",\"position\":1,\"name\":\"Home\",\"item\":\"http:\/\/bokashi.bladeinfo.it\/it\/\"},{\"@type\":\"ListItem\",\"position\":2,\"name\":\"Negozio\",\"item\":\"https:\/\/bokashi.bladeinfo.it\/it\/negozio\/\"},{\"@type\":\"ListItem\",\"position\":3,\"name\":\"20 perle in ceramica per l&#8217;acqua\"}]},{\"@type\":\"WebSite\",\"@id\":\"http:\/\/bokashi.bladeinfo.it\/#website\",\"url\":\"http:\/\/bokashi.bladeinfo.it\/\",\"name\":\"Bokashi Compost\",\"description\":\"from food to soil to food\",\"publisher\":{\"@id\":\"http:\/\/bokashi.bladeinfo.it\/#organization\"},\"potentialAction\":[{\"@type\":\"SearchAction\",\"target\":{\"@type\":\"EntryPoint\",\"urlTemplate\":\"http:\/\/bokashi.bladeinfo.it\/?s={search_term_string}\"},\"query-input\":\"required name=search_term_string\"}],\"inLanguage\":\"it-IT\"},{\"@type\":\"Organization\",\"@id\":\"http:\/\/bokashi.bladeinfo.it\/#organization\",\"name\":\"BokashiCompost\",\"url\":\"http:\/\/bokashi.bladeinfo.it\/\",\"logo\":{\"@type\":\"ImageObject\",\"inLanguage\":\"it-IT\",\"@id\":\"http:\/\/bokashi.bladeinfo.it\/#\/schema\/logo\/image\/\",\"url\":\"https:\/\/i0.wp.com\/bokashicompost.be\/wp-content\/uploads\/2019\/04\/image.jpg?fit=960%2C960&ssl=1\",\"contentUrl\":\"https:\/\/i0.wp.com\/bokashicompost.be\/wp-content\/uploads\/2019\/04\/image.jpg?fit=960%2C960&ssl=1\",\"width\":960,\"height\":960,\"caption\":\"BokashiCompost\"},\"image\":{\"@id\":\"http:\/\/bokashi.bladeinfo.it\/#\/schema\/logo\/image\/\"},\"sameAs\":[\"https:\/\/www.facebook.com\/bokashicompostbe\/\",\"https:\/\/www.instagram.com\/bokashicompost\/\",\"https:\/\/www.linkedin.com\/company\/13994117\",\"https:\/\/www.youtube.com\/channel\/UC-X67YxW1qNoFtkvU2yO43A\"]}]}<\/script>\n<!-- \/ Yoast SEO plugin. -->","yoast_head_json":{"title":"20 perle in ceramica per l'acqua - Bokashi Compost","description":"Sacchetto da 20 perle in ceramica da utilizzare nell'acqua di rubinetto per migliorarne il gusto e livello di depositi di calcare. Perle in EM\u00ae Originali. Brocca","robots":{"index":"noindex","follow":"follow","max-snippet":"max-snippet:-1","max-image-preview":"max-image-preview:large","max-video-preview":"max-video-preview:-1"},"og_locale":"it_IT","og_type":"article","og_title":"20 perle in ceramica per l'acqua - Bokashi Compost","og_description":"Sacchetto da 20 perle in ceramica da utilizzare nell'acqua di rubinetto per migliorarne il gusto e livello di depositi di calcare. Perle in EM\u00ae Originali. Brocca","og_url":"http:\/\/bokashi.bladeinfo.it\/it\/produit\/20-perle-in-ceramica-per-lacqua\/","og_site_name":"Bokashi Compost","article_publisher":"https:\/\/www.facebook.com\/bokashicompostbe\/","article_modified_time":"2022-12-19T14:08:45+00:00","og_image":[{"width":1512,"height":1512,"url":"http:\/\/bokashi.bladeinfo.it\/wp-content\/uploads\/2019\/12\/EM_bokashi_perles_tubes_ceramique_pour_eau.jpg","type":"image\/jpeg"}],"twitter_card":"summary_large_image","schema":{"@context":"https:\/\/schema.org","@graph":[{"@type":"WebPage","@id":"http:\/\/bokashi.bladeinfo.it\/it\/produit\/20-perle-in-ceramica-per-lacqua\/","url":"http:\/\/bokashi.bladeinfo.it\/it\/produit\/20-perle-in-ceramica-per-lacqua\/","name":"20 perle in ceramica per l'acqua - Bokashi Compost","isPartOf":{"@id":"http:\/\/bokashi.bladeinfo.it\/#website"},"datePublished":"2022-03-15T16:36:21+00:00","dateModified":"2022-12-19T14:08:45+00:00","description":"Sacchetto da 20 perle in ceramica da utilizzare nell'acqua di rubinetto per migliorarne il gusto e livello di depositi di calcare. Perle in EM\u00ae Originali. Brocca","breadcrumb":{"@id":"http:\/\/bokashi.bladeinfo.it\/it\/produit\/20-perle-in-ceramica-per-lacqua\/#breadcrumb"},"inLanguage":"it-IT","potentialAction":[{"@type":"ReadAction","target":["http:\/\/bokashi.bladeinfo.it\/it\/produit\/20-perle-in-ceramica-per-lacqua\/"]}]},{"@type":"BreadcrumbList","@id":"http:\/\/bokashi.bladeinfo.it\/it\/produit\/20-perle-in-ceramica-per-lacqua\/#breadcrumb","itemListElement":[{"@type":"ListItem","position":1,"name":"Home","item":"http:\/\/bokashi.bladeinfo.it\/it\/"},{"@type":"ListItem","position":2,"name":"Negozio","item":"https:\/\/bokashi.bladeinfo.it\/it\/negozio\/"},{"@type":"ListItem","position":3,"name":"20 perle in ceramica per l&#8217;acqua"}]},{"@type":"WebSite","@id":"http:\/\/bokashi.bladeinfo.it\/#website","url":"http:\/\/bokashi.bladeinfo.it\/","name":"Bokashi Compost","description":"from food to soil to food","publisher":{"@id":"http:\/\/bokashi.bladeinfo.it\/#organization"},"potentialAction":[{"@type":"SearchAction","target":{"@type":"EntryPoint","urlTemplate":"http:\/\/bokashi.bladeinfo.it\/?s={search_term_string}"},"query-input":"required name=search_term_string"}],"inLanguage":"it-IT"},{"@type":"Organization","@id":"http:\/\/bokashi.bladeinfo.it\/#organization","name":"BokashiCompost","url":"http:\/\/bokashi.bladeinfo.it\/","logo":{"@type":"ImageObject","inLanguage":"it-IT","@id":"http:\/\/bokashi.bladeinfo.it\/#\/schema\/logo\/image\/","url":"https:\/\/i0.wp.com\/bokashicompost.be\/wp-content\/uploads\/2019\/04\/image.jpg?fit=960%2C960&ssl=1","contentUrl":"https:\/\/i0.wp.com\/bokashicompost.be\/wp-content\/uploads\/2019\/04\/image.jpg?fit=960%2C960&ssl=1","width":960,"height":960,"caption":"BokashiCompost"},"image":{"@id":"http:\/\/bokashi.bladeinfo.it\/#\/schema\/logo\/image\/"},"sameAs":["https:\/\/www.facebook.com\/bokashicompostbe\/","https:\/\/www.instagram.com\/bokashicompost\/","https:\/\/www.linkedin.com\/company\/13994117","https:\/\/www.youtube.com\/channel\/UC-X67YxW1qNoFtkvU2yO43A"]}]}},"_links":{"self":[{"href":"http:\/\/bokashi.bladeinfo.it\/it\/wp-json\/wp\/v2\/product\/9310"}],"collection":[{"href":"http:\/\/bokashi.bladeinfo.it\/it\/wp-json\/wp\/v2\/product"}],"about":[{"href":"http:\/\/bokashi.bladeinfo.it\/it\/wp-json\/wp\/v2\/types\/product"}],"replies":[{"embeddable":true,"href":"http:\/\/bokashi.bladeinfo.it\/it\/wp-json\/wp\/v2\/comments?post=9310"}],"wp:featuredmedia":[{"embeddable":true,"href":"http:\/\/bokashi.bladeinfo.it\/it\/wp-json\/wp\/v2\/media\/8107"}],"wp:attachment":[{"href":"http:\/\/bokashi.bladeinfo.it\/it\/wp-json\/wp\/v2\/media?parent=9310"}],"wp:term":[{"taxonomy":"product_cat","embeddable":true,"href":"http:\/\/bokashi.bladeinfo.it\/it\/wp-json\/wp\/v2\/product_cat?post=9310"},{"taxonomy":"product_tag","embeddable":true,"href":"http:\/\/bokashi.bladeinfo.it\/it\/wp-json\/wp\/v2\/product_tag?post=9310"}],"curies":[{"name":"wp","href":"https:\/\/api.w.org\/{rel}","templated":true}]}}