{"id":9327,"date":"2018-08-20T12:20:49","date_gmt":"2022-03-15T18:19:17","guid":{"rendered":"https:\/\/bokashi.bladeinfo.it\/produit\/melassa-di-zucchero-di-canna-1l"},"modified":"2022-03-15T19:19:17","modified_gmt":"2022-03-15T18:19:17","slug":"melassa-di-canna-da-zucchero-1l","status":"publish","type":"product","link":"http:\/\/bokashi.bladeinfo.it\/it\/produit\/melassa-di-canna-da-zucchero-1l\/","title":{"rendered":"Melassa di zucchero di canna &#8211; 1L"},"content":{"rendered":"","protected":false},"excerpt":{"rendered":"<p>&nbsp;<\/p>\n<p>Melassa di zucchero di canna ricca di nutrimenti per attivare i microrganismi inattivi EM-1 in EM-A (o EMAS, microferm)<\/p>\n","protected":false},"featured_media":7621,"comment_status":"closed","ping_status":"closed","template":"","meta":{"_et_pb_use_builder":"","_et_pb_old_content":"","_et_gb_content_width":""},"product_cat":[263],"product_tag":[266,271],"yoast_head":"<!-- This site is optimized with the Yoast SEO plugin v20.1 - https:\/\/yoast.com\/wordpress\/plugins\/seo\/ -->\n<title>Melassa di zucchero di canna - 1L - Bokashi Compost<\/title>\n<meta name=\"description\" content=\"M\u00e9lasse de canne \u00e0 sucre \u00e0 utiliser pour activer les Micro-organismes Efficaces inactifs (ou EM-1). Bouteille de 1 litre.\" \/>\n<meta name=\"robots\" content=\"noindex, follow, max-snippet:-1, max-image-preview:large, max-video-preview:-1\" \/>\n<meta property=\"og:locale\" content=\"it_IT\" \/>\n<meta property=\"og:type\" content=\"article\" \/>\n<meta property=\"og:title\" content=\"Melassa di zucchero di canna - 1L - Bokashi Compost\" \/>\n<meta property=\"og:description\" content=\"M\u00e9lasse de canne \u00e0 sucre \u00e0 utiliser pour activer les Micro-organismes Efficaces inactifs (ou EM-1). Bouteille de 1 litre.\" \/>\n<meta property=\"og:url\" content=\"http:\/\/bokashi.bladeinfo.it\/it\/produit\/melassa-di-canna-da-zucchero-1l\/\" \/>\n<meta property=\"og:site_name\" content=\"Bokashi Compost\" \/>\n<meta property=\"article:publisher\" content=\"https:\/\/www.facebook.com\/bokashicompostbe\/\" \/>\n<meta property=\"og:image\" content=\"http:\/\/bokashi.bladeinfo.it\/wp-content\/uploads\/2018\/11\/14.-melasse-de-canne-a\u0300-sucre.png\" \/>\n\t<meta property=\"og:image:width\" content=\"800\" \/>\n\t<meta property=\"og:image:height\" content=\"800\" \/>\n\t<meta property=\"og:image:type\" content=\"image\/png\" \/>\n<meta name=\"twitter:card\" content=\"summary_large_image\" \/>\n<script type=\"application\/ld+json\" class=\"yoast-schema-graph\">{\"@context\":\"https:\/\/schema.org\",\"@graph\":[{\"@type\":\"WebPage\",\"@id\":\"http:\/\/bokashi.bladeinfo.it\/it\/produit\/melassa-di-canna-da-zucchero-1l\/\",\"url\":\"http:\/\/bokashi.bladeinfo.it\/it\/produit\/melassa-di-canna-da-zucchero-1l\/\",\"name\":\"Melassa di zucchero di canna - 1L - Bokashi Compost\",\"isPartOf\":{\"@id\":\"http:\/\/bokashi.bladeinfo.it\/#website\"},\"datePublished\":\"2022-03-15T18:19:17+00:00\",\"dateModified\":\"2022-03-15T18:19:17+00:00\",\"description\":\"M\u00e9lasse de canne \u00e0 sucre \u00e0 utiliser pour activer les Micro-organismes Efficaces inactifs (ou EM-1). Bouteille de 1 litre.\",\"breadcrumb\":{\"@id\":\"http:\/\/bokashi.bladeinfo.it\/it\/produit\/melassa-di-canna-da-zucchero-1l\/#breadcrumb\"},\"inLanguage\":\"it-IT\",\"potentialAction\":[{\"@type\":\"ReadAction\",\"target\":[\"http:\/\/bokashi.bladeinfo.it\/it\/produit\/melassa-di-canna-da-zucchero-1l\/\"]}]},{\"@type\":\"BreadcrumbList\",\"@id\":\"http:\/\/bokashi.bladeinfo.it\/it\/produit\/melassa-di-canna-da-zucchero-1l\/#breadcrumb\",\"itemListElement\":[{\"@type\":\"ListItem\",\"position\":1,\"name\":\"Home\",\"item\":\"http:\/\/bokashi.bladeinfo.it\/it\/\"},{\"@type\":\"ListItem\",\"position\":2,\"name\":\"Negozio\",\"item\":\"https:\/\/bokashi.bladeinfo.it\/it\/negozio\/\"},{\"@type\":\"ListItem\",\"position\":3,\"name\":\"Melassa di zucchero di canna &#8211; 1L\"}]},{\"@type\":\"WebSite\",\"@id\":\"http:\/\/bokashi.bladeinfo.it\/#website\",\"url\":\"http:\/\/bokashi.bladeinfo.it\/\",\"name\":\"Bokashi Compost\",\"description\":\"from food to soil to food\",\"publisher\":{\"@id\":\"http:\/\/bokashi.bladeinfo.it\/#organization\"},\"potentialAction\":[{\"@type\":\"SearchAction\",\"target\":{\"@type\":\"EntryPoint\",\"urlTemplate\":\"http:\/\/bokashi.bladeinfo.it\/?s={search_term_string}\"},\"query-input\":\"required name=search_term_string\"}],\"inLanguage\":\"it-IT\"},{\"@type\":\"Organization\",\"@id\":\"http:\/\/bokashi.bladeinfo.it\/#organization\",\"name\":\"BokashiCompost\",\"url\":\"http:\/\/bokashi.bladeinfo.it\/\",\"logo\":{\"@type\":\"ImageObject\",\"inLanguage\":\"it-IT\",\"@id\":\"http:\/\/bokashi.bladeinfo.it\/#\/schema\/logo\/image\/\",\"url\":\"https:\/\/i0.wp.com\/bokashicompost.be\/wp-content\/uploads\/2019\/04\/image.jpg?fit=960%2C960&ssl=1\",\"contentUrl\":\"https:\/\/i0.wp.com\/bokashicompost.be\/wp-content\/uploads\/2019\/04\/image.jpg?fit=960%2C960&ssl=1\",\"width\":960,\"height\":960,\"caption\":\"BokashiCompost\"},\"image\":{\"@id\":\"http:\/\/bokashi.bladeinfo.it\/#\/schema\/logo\/image\/\"},\"sameAs\":[\"https:\/\/www.facebook.com\/bokashicompostbe\/\",\"https:\/\/www.instagram.com\/bokashicompost\/\",\"https:\/\/www.linkedin.com\/company\/13994117\",\"https:\/\/www.youtube.com\/channel\/UC-X67YxW1qNoFtkvU2yO43A\"]}]}<\/script>\n<!-- \/ Yoast SEO plugin. -->","yoast_head_json":{"title":"Melassa di zucchero di canna - 1L - Bokashi Compost","description":"M\u00e9lasse de canne \u00e0 sucre \u00e0 utiliser pour activer les Micro-organismes Efficaces inactifs (ou EM-1). Bouteille de 1 litre.","robots":{"index":"noindex","follow":"follow","max-snippet":"max-snippet:-1","max-image-preview":"max-image-preview:large","max-video-preview":"max-video-preview:-1"},"og_locale":"it_IT","og_type":"article","og_title":"Melassa di zucchero di canna - 1L - Bokashi Compost","og_description":"M\u00e9lasse de canne \u00e0 sucre \u00e0 utiliser pour activer les Micro-organismes Efficaces inactifs (ou EM-1). Bouteille de 1 litre.","og_url":"http:\/\/bokashi.bladeinfo.it\/it\/produit\/melassa-di-canna-da-zucchero-1l\/","og_site_name":"Bokashi Compost","article_publisher":"https:\/\/www.facebook.com\/bokashicompostbe\/","og_image":[{"width":800,"height":800,"url":"http:\/\/bokashi.bladeinfo.it\/wp-content\/uploads\/2018\/11\/14.-melasse-de-canne-a\u0300-sucre.png","type":"image\/png"}],"twitter_card":"summary_large_image","schema":{"@context":"https:\/\/schema.org","@graph":[{"@type":"WebPage","@id":"http:\/\/bokashi.bladeinfo.it\/it\/produit\/melassa-di-canna-da-zucchero-1l\/","url":"http:\/\/bokashi.bladeinfo.it\/it\/produit\/melassa-di-canna-da-zucchero-1l\/","name":"Melassa di zucchero di canna - 1L - Bokashi Compost","isPartOf":{"@id":"http:\/\/bokashi.bladeinfo.it\/#website"},"datePublished":"2022-03-15T18:19:17+00:00","dateModified":"2022-03-15T18:19:17+00:00","description":"M\u00e9lasse de canne \u00e0 sucre \u00e0 utiliser pour activer les Micro-organismes Efficaces inactifs (ou EM-1). Bouteille de 1 litre.","breadcrumb":{"@id":"http:\/\/bokashi.bladeinfo.it\/it\/produit\/melassa-di-canna-da-zucchero-1l\/#breadcrumb"},"inLanguage":"it-IT","potentialAction":[{"@type":"ReadAction","target":["http:\/\/bokashi.bladeinfo.it\/it\/produit\/melassa-di-canna-da-zucchero-1l\/"]}]},{"@type":"BreadcrumbList","@id":"http:\/\/bokashi.bladeinfo.it\/it\/produit\/melassa-di-canna-da-zucchero-1l\/#breadcrumb","itemListElement":[{"@type":"ListItem","position":1,"name":"Home","item":"http:\/\/bokashi.bladeinfo.it\/it\/"},{"@type":"ListItem","position":2,"name":"Negozio","item":"https:\/\/bokashi.bladeinfo.it\/it\/negozio\/"},{"@type":"ListItem","position":3,"name":"Melassa di zucchero di canna &#8211; 1L"}]},{"@type":"WebSite","@id":"http:\/\/bokashi.bladeinfo.it\/#website","url":"http:\/\/bokashi.bladeinfo.it\/","name":"Bokashi Compost","description":"from food to soil to food","publisher":{"@id":"http:\/\/bokashi.bladeinfo.it\/#organization"},"potentialAction":[{"@type":"SearchAction","target":{"@type":"EntryPoint","urlTemplate":"http:\/\/bokashi.bladeinfo.it\/?s={search_term_string}"},"query-input":"required name=search_term_string"}],"inLanguage":"it-IT"},{"@type":"Organization","@id":"http:\/\/bokashi.bladeinfo.it\/#organization","name":"BokashiCompost","url":"http:\/\/bokashi.bladeinfo.it\/","logo":{"@type":"ImageObject","inLanguage":"it-IT","@id":"http:\/\/bokashi.bladeinfo.it\/#\/schema\/logo\/image\/","url":"https:\/\/i0.wp.com\/bokashicompost.be\/wp-content\/uploads\/2019\/04\/image.jpg?fit=960%2C960&ssl=1","contentUrl":"https:\/\/i0.wp.com\/bokashicompost.be\/wp-content\/uploads\/2019\/04\/image.jpg?fit=960%2C960&ssl=1","width":960,"height":960,"caption":"BokashiCompost"},"image":{"@id":"http:\/\/bokashi.bladeinfo.it\/#\/schema\/logo\/image\/"},"sameAs":["https:\/\/www.facebook.com\/bokashicompostbe\/","https:\/\/www.instagram.com\/bokashicompost\/","https:\/\/www.linkedin.com\/company\/13994117","https:\/\/www.youtube.com\/channel\/UC-X67YxW1qNoFtkvU2yO43A"]}]}},"_links":{"self":[{"href":"http:\/\/bokashi.bladeinfo.it\/it\/wp-json\/wp\/v2\/product\/9327"}],"collection":[{"href":"http:\/\/bokashi.bladeinfo.it\/it\/wp-json\/wp\/v2\/product"}],"about":[{"href":"http:\/\/bokashi.bladeinfo.it\/it\/wp-json\/wp\/v2\/types\/product"}],"replies":[{"embeddable":true,"href":"http:\/\/bokashi.bladeinfo.it\/it\/wp-json\/wp\/v2\/comments?post=9327"}],"wp:featuredmedia":[{"embeddable":true,"href":"http:\/\/bokashi.bladeinfo.it\/it\/wp-json\/wp\/v2\/media\/7621"}],"wp:attachment":[{"href":"http:\/\/bokashi.bladeinfo.it\/it\/wp-json\/wp\/v2\/media?parent=9327"}],"wp:term":[{"taxonomy":"product_cat","embeddable":true,"href":"http:\/\/bokashi.bladeinfo.it\/it\/wp-json\/wp\/v2\/product_cat?post=9327"},{"taxonomy":"product_tag","embeddable":true,"href":"http:\/\/bokashi.bladeinfo.it\/it\/wp-json\/wp\/v2\/product_tag?post=9327"}],"curies":[{"name":"wp","href":"https:\/\/api.w.org\/{rel}","templated":true}]}}